
{"id":101,"date":"2020-02-15T18:28:50","date_gmt":"2020-02-15T15:28:50","guid":{"rendered":"\/en\/?page_id=101"},"modified":"2020-08-13T12:42:55","modified_gmt":"2020-08-13T09:42:55","slug":"publications","status":"publish","type":"page","link":"https:\/\/t.artcenter.org.ua\/en\/publications\/","title":{"rendered":"Publications"},"content":{"rendered":"\n<p><a rel=\"noreferrer noopener\" href=\"https:\/\/artcenter.org.ua\/publications-arhiv\/almanac_kaz_kar_2019_metoda%20pracy_ladts.pdf\" target=\"_blank\">Metoda pracy Lwowskiego Autorskiego Dramatycznego Teatru \u00abSPIROGRAF\u00bb: od scenariusza do wyst\u0119pu (na przyk\u0142adzie spektaklu-ba\u015bni \u00abKwiatkowy sklepik\u00bb)<\/a> \/ \u0410\u041b\u042c\u041c\u0410\u041d\u0410\u0425 (\u043d\u0430\u0443\u043a\u043e\u0432\u043e-\u043f\u043e\u043f\u0443\u043b\u044f\u0440\u043d\u0438\u0439 \u0432\u0456\u0441\u043d\u0438\u043a) \u00abKAZ.KAR.\u00bb. 1-2 (2) 2020 \/ ISBN 978-966-938-406-5<\/p>\n\n\n\n<p><a rel=\"noreferrer noopener\" href=\"https:\/\/artcenter.org.ua\/publications-arhiv\/almanac_kaz_kar_2019_niewerbalne%20praktyki%20translacji%20ba%C5%9Bni.pdf\" target=\"_blank\">Niewerbalne praktyki translacji ba\u015bni (na przyk\u0142adzie spektakli w ramach Mi\u0119dzynarodowego Charytatywnego Festiwalu Ba\u015bni \u00abKAZ.KAR.\u00bb)<\/a> \/ \u0410\u041b\u042c\u041c\u0410\u041d\u0410\u0425 (\u043d\u0430\u0443\u043a\u043e\u0432\u043e-\u043f\u043e\u043f\u0443\u043b\u044f\u0440\u043d\u0438\u0439 \u0432\u0456\u0441\u043d\u0438\u043a) \u00abKAZ.KAR.\u00bb. 1-2 (2) 2020 \/ ISBN 978-966-938-406-5<\/p>\n\n\n\n<p><a rel=\"noreferrer noopener\" href=\"https:\/\/artcenter.org.ua\/publications-arhiv\/narodoznavchi-zoshyty-6-(150)-2019.pdf\" target=\"_blank\"><\/a><a rel=\"noreferrer noopener\" href=\"https:\/\/artcenter.org.ua\/publications-arhiv\/narodoznavchi-zoshyty-6-(150)-2019.pdf\" target=\"_blank\">\u0414\u0435\u0432\u2019\u044f\u0442\u0430 \u0435\u0434\u0438\u0446\u0456\u044f \u0449\u043e\u0440\u0456\u0447\u043d\u043e\u0433\u043e \u0412\u0441\u0435\u0443\u043a\u0440\u0430\u0457\u043d\u0441\u044c\u043a\u043e\u0433\u043e \u043f\u0440\u043e\u0435\u043a\u0442\u0443 \u0434\u043b\u044f \u043c\u043e\u043b\u043e\u0434\u0438\u0445 \u043c\u0438\u0442\u0446\u0456\u0432 &#8220;\u041f\u0420\u041e\u0421\u0422\u041e \u041d\u0415\u0411\u0418\u041b\u0418\u0426\u0406&#8221;<\/a> \/ \u041d\u0430\u0440\u043e\u0434\u043e\u0437\u043d\u0430\u0432\u0447\u0456 \u0437\u043e\u0448\u0438\u0442\u0438. \u2116 6 (150), 2019 \/ ISSN 1028-5091<\/p>\n\n\n\n<p><a href=\"https:\/\/artcenter.org.ua\/publications-arhiv\/teatralna-besida-2-%2843%29-2019.pdf\" target=\"_blank\" rel=\"noreferrer noopener\">\u041b\u044c\u0432\u0456\u0432\u0441\u044c\u043a\u0438\u0439 \u0410\u0432\u0442\u043e\u0440\u0441\u044c\u043a\u0438\u0439 \u0414\u0440\u0430\u043c\u0430\u0442\u0438\u0447\u043d\u0438\u0439 \u0422\u0435\u0430\u0442\u0440 \u00ab\u0421\u041f\u0406\u0420\u041e\u0413\u0420\u0410\u0424\u00bb \u2013 \u0443 \u041b\u044c\u0432\u0456\u0432\u0441\u044c\u043a\u043e\u043c\u0443 \u043e\u0431\u043b\u0430\u0441\u043d\u043e\u043c\u0443 \u043f\u0440\u043e\u0435\u043a\u0442\u0456 \u00ab\u0422\u0435\u0430\u0442\u0440\u0430\u043b\u044c\u043d\u0430 \u043f\u0435\u0440\u0441\u043f\u0435\u043a\u0442\u0438\u0432\u0430\u00bb 2019<\/a>&nbsp;\/ \u0416\u0443\u0440\u043d\u0430\u043b \u00ab\u0422\u0435\u0430\u0442\u0440\u0430\u043b\u044c\u043d\u0430 \u0431\u0435\u0441\u0456\u0434\u0430\u00bb 2 (43) 2019<\/p>\n\n\n\n<p><a rel=\"noreferrer noopener\" href=\"https:\/\/artcenter.org.ua\/publications-arhiv\/divadlo-a-drama-v-kontextoch-nepokojnej-europy-2019.pdf\" target=\"_blank\"><a rel=\"noreferrer noopener\" href=\"https:\/\/artcenter.org.ua\/publications-arhiv\/divadlo-a-drama-v-kontextoch-nepokojnej-europy-2019.pdf\" target=\"_blank\">Conflicts and Consequences as Refl ection of Social &#8220;Colour Blindness&#8221; \u2013 performance Difference of the Lviv Authorial Drama (LAD) Theatre &#8220;SPIROGRAPH&#8221;<\/a> \/ Theatre &amp; drama in the context of restless Europe \/ 16th edition of International Conference on Theatrology in Bansk\u00e1 Bystrica \/ 29 &#8211; 30 november 2019 \/ ISBN 978-80-8206-026-6<\/a><\/p>\n\n\n\n<p><a href=\"https:\/\/artcenter.org.ua\/publications-arhiv\/teatralna-besida-1-%2842%29-2019.pdf\" target=\"_blank\" rel=\"noreferrer noopener\">\u0425\u043e\u0440\u043e\u0448\u0438\u0439 \u043d\u0430\u0441\u0442\u0440\u0456\u0439 \u0442\u0430 \u0432\u0435\u0441\u0435\u043b\u0438\u0439 \u0441\u043c\u0456\u0445 \u0443 \u041b\u0410\u0414 \u0422\u0415\u0410\u0422\u0420\u0406 \u00ab\u0421\u041f\u0406\u0420\u041e\u0413\u0420\u0410\u0424\u00bb \u043f\u0456\u0434 \u0437\u0430\u0432\u0456\u0441\u0443 2018 \u0440\u043e\u043a\u0443<\/a>&nbsp;\/ \u0416\u0443\u0440\u043d\u0430\u043b \u00ab\u0422\u0435\u0430\u0442\u0440\u0430\u043b\u044c\u043d\u0430 \u0431\u0435\u0441\u0456\u0434\u0430\u00bb 1 (42) 2019<\/p>\n\n\n\n<p><a rel=\"noreferrer noopener\" href=\"https:\/\/artcenter.org.ua\/publications-arhiv\/teatralna-besida-2-%2841%29-2018.pdf\" target=\"_blank\">\u0414\u044f\u043a\u0443\u0432\u0430\u043d\u043d\u044f (\u00ab\u041c\u0435\u0440\u0441\u0456\u043a\u0430\u043d\u043d\u044f\u00bb) \u0432\u0456\u0434 \u0442\u0435\u0430\u0442\u0440\u0430\u043b\u0456\u0432 \u00ab\u0421\u041f\u0406\u0420\u041e\u0413\u0420\u0410\u0424\u0410\u00bb \u0448\u0430\u043d\u043e\u0432\u0430\u043d\u043e\u043c\u0443 \u0433\u043b\u044f\u0434\u0430\u0447\u0443!<\/a>&nbsp;\/ \u0416\u0443\u0440\u043d\u0430\u043b \u00ab\u0422\u0435\u0430\u0442\u0440\u0430\u043b\u044c\u043d\u0430 \u0431\u0435\u0441\u0456\u0434\u0430\u00bb 2 (41) 2018<\/p>\n","protected":false},"excerpt":{"rendered":"<p>Metoda pracy Lwowskiego Autorskiego Dramatycznego Teatru \u00abSPIROGRAF\u00bb: od scenariusza do wyst\u0119pu (na przyk\u0142adzie spektaklu-ba\u015bni \u00abKwiatkowy sklepik\u00bb) \/ \u0410\u041b\u042c\u041c\u0410\u041d\u0410\u0425 (\u043d\u0430\u0443\u043a\u043e\u0432\u043e-\u043f\u043e\u043f\u0443\u043b\u044f\u0440\u043d\u0438\u0439 \u0432\u0456\u0441\u043d\u0438\u043a) \u00abKAZ.KAR.\u00bb. 1-2 (2) 2020 \/ ISBN 978-966-938-406-5 Niewerbalne praktyki translacji ba\u015bni (na przyk\u0142adzie spektakli w ramach Mi\u0119dzynarodowego Charytatywnego Festiwalu Ba\u015bni \u00abKAZ.KAR.\u00bb) \/ \u0410\u041b\u042c\u041c\u0410\u041d\u0410\u0425 (\u043d\u0430\u0443\u043a\u043e\u0432\u043e-\u043f\u043e\u043f\u0443\u043b\u044f\u0440\u043d\u0438\u0439 \u0432\u0456\u0441\u043d\u0438\u043a) \u00abKAZ.KAR.\u00bb. 1-2 (2) 2020 \/ [&hellip;]<\/p>\n","protected":false},"author":1,"featured_media":89,"parent":0,"menu_order":0,"comment_status":"closed","ping_status":"closed","template":"","meta":{"footnotes":""},"_links":{"self":[{"href":"https:\/\/t.artcenter.org.ua\/en\/wp-json\/wp\/v2\/pages\/101"}],"collection":[{"href":"https:\/\/t.artcenter.org.ua\/en\/wp-json\/wp\/v2\/pages"}],"about":[{"href":"https:\/\/t.artcenter.org.ua\/en\/wp-json\/wp\/v2\/types\/page"}],"author":[{"embeddable":true,"href":"https:\/\/t.artcenter.org.ua\/en\/wp-json\/wp\/v2\/users\/1"}],"replies":[{"embeddable":true,"href":"https:\/\/t.artcenter.org.ua\/en\/wp-json\/wp\/v2\/comments?post=101"}],"version-history":[{"count":3,"href":"https:\/\/t.artcenter.org.ua\/en\/wp-json\/wp\/v2\/pages\/101\/revisions"}],"predecessor-version":[{"id":333,"href":"https:\/\/t.artcenter.org.ua\/en\/wp-json\/wp\/v2\/pages\/101\/revisions\/333"}],"wp:featuredmedia":[{"embeddable":true,"href":"https:\/\/t.artcenter.org.ua\/en\/wp-json\/wp\/v2\/media\/89"}],"wp:attachment":[{"href":"https:\/\/t.artcenter.org.ua\/en\/wp-json\/wp\/v2\/media?parent=101"}],"curies":[{"name":"wp","href":"https:\/\/api.w.org\/{rel}","templated":true}]}}